{"id":343,"date":"2025-04-06T17:32:16","date_gmt":"2025-04-06T17:32:16","guid":{"rendered":"https:\/\/krzykd.com\/?page_id=343"},"modified":"2025-04-10T20:02:09","modified_gmt":"2025-04-10T20:02:09","slug":"o-mnie","status":"publish","type":"page","link":"https:\/\/krzykd.com\/index.php\/o-mnie\/","title":{"rendered":"O MNIE"},"content":{"rendered":"\t\t<div data-elementor-type=\"wp-page\" data-elementor-id=\"343\" class=\"elementor elementor-343\">\n\t\t\t\t<div class=\"elementor-element elementor-element-4763f77a e-flex e-con-boxed e-con e-parent\" data-id=\"4763f77a\" data-element_type=\"container\" data-e-type=\"container\">\n\t\t\t\t\t<div class=\"e-con-inner\">\n\t\t\t\t<div class=\"elementor-element elementor-element-64951d4d elementor-widget elementor-widget-text-editor\" data-id=\"64951d4d\" data-element_type=\"widget\" data-e-type=\"widget\" data-widget_type=\"text-editor.default\">\n\t\t\t\t<div class=\"elementor-widget-container\">\n\t\t\t\t\t\t\t\t\t<p style=\"font-weight: 400;\"><strong>Jestem psychologiem.<\/strong> Uko\u0144czy\u0142am studia magisterskie na Uniwersytecie SWPS w Warszawie. Kontynuuj\u0119 \u015bcie\u017ck\u0119 kariery kszta\u0142c\u0105c si\u0119 w Szkole Terapii Poznawczo \u2013 Behawioralnej Centrum CBT-EDU b\u0119d\u0105cej o\u015brodkiem kszta\u0142c\u0105cym psychoterapeut\u00f3w poznawczo-behawioralnych. Szko\u0142a posiada rekomendacje Polskiego Towarzystwa Terapii Poznawczej i Behawioralnej (PTTPB), oraz jest cz\u0142onkiem European Association for Behavioural and Cognitive Therapies (EABCT). Terapia poznawczo-behawioralna (CBT) to ugruntowana metoda psychoterapii, skoncentrowana na rozumieniu i modyfikacji negatywnych wzorc\u00f3w my\u015blenia oraz zachowa\u0144.<\/p><p style=\"font-weight: 400;\"><strong>Do\u015bwiadczenie<\/strong> psychologiczne zdoby\u0142am w szpitalu psychiatrycznym na oddziale zaburze\u0144 nerwicowych oraz jako uczestnik zespo\u0142u terapeutycznego w DPS dla os\u00f3b z zaburzeniami psychicznymi. Jestem absolwentk\u0105 Uniwersytetu Medycznego w Warszawie, Wydzia\u0142u Farmacji. Dysponuj\u0119 wiedz\u0105 z zakresu farmakologii wykorzystywanej w dziedzinie psychiatrii, neurologii, leczenia uzale\u017cnie\u0144.<\/p><p style=\"font-weight: 400;\"><strong>Prowadz\u0119 psychoterapi\u0119<\/strong> os\u00f3b doros\u0142ych, kt\u00f3re do\u015bwiadczaj\u0105 zaburze\u0144 <strong>depresyjnych<\/strong> oraz <strong>l\u0119kowych (l\u0119k paniczny, agorafobia, l\u0119k o zdrowie &#8211; hipochondria, l\u0119k uog\u00f3lniony GAD, fobia spo\u0142eczna,\u00a0\u00a0fobie specyficzne, zaburzenia obsesyjno-kompulsyjne OCD)<\/strong>, odczuwaj\u0105 zaburzenia nastroju i emocji z kt\u00f3rymi sobie nie radz\u0105, prze\u017cywaj\u0105 kryzys, odczuwaj\u0105 trudno\u015bci w relacjach z innymi lud\u017ami, potrzebuj\u0105 wsparcia z powodu leczenia psychiatrycznego.<\/p><p style=\"font-weight: 400;\"><strong>PRACUJ\u0118 POD STA\u0141\u0104 SUPERWIZJ\u0104<\/strong><\/p>\t\t\t\t\t\t\t\t<\/div>\n\t\t\t\t<\/div>\n\t\t\t\t\t<\/div>\n\t\t\t\t<\/div>\n\t\t\t\t<\/div>\n\t\t","protected":false},"excerpt":{"rendered":"<p>Jestem psychologiem. Uko\u0144czy\u0142am studia magisterskie na Uniwersytecie SWPS w Warszawie. Kontynuuj\u0119 \u015bcie\u017ck\u0119 kariery kszta\u0142c\u0105c si\u0119 w Szkole Terapii Poznawczo \u2013 Behawioralnej Centrum CBT-EDU b\u0119d\u0105cej o\u015brodkiem kszta\u0142c\u0105cym psychoterapeut\u00f3w poznawczo-behawioralnych. Szko\u0142a posiada rekomendacje Polskiego Towarzystwa Terapii Poznawczej i Behawioralnej (PTTPB), oraz jest cz\u0142onkiem European Association for Behavioural and Cognitive Therapies (EABCT). Terapia poznawczo-behawioralna (CBT) to ugruntowana metoda&hellip;<\/p>\n","protected":false},"author":1,"featured_media":299,"parent":0,"menu_order":0,"comment_status":"closed","ping_status":"closed","template":"","meta":{"footnotes":""},"class_list":["post-343","page","type-page","status-publish","has-post-thumbnail","hentry"],"_links":{"self":[{"href":"https:\/\/krzykd.com\/index.php\/wp-json\/wp\/v2\/pages\/343","targetHints":{"allow":["GET"]}}],"collection":[{"href":"https:\/\/krzykd.com\/index.php\/wp-json\/wp\/v2\/pages"}],"about":[{"href":"https:\/\/krzykd.com\/index.php\/wp-json\/wp\/v2\/types\/page"}],"author":[{"embeddable":true,"href":"https:\/\/krzykd.com\/index.php\/wp-json\/wp\/v2\/users\/1"}],"replies":[{"embeddable":true,"href":"https:\/\/krzykd.com\/index.php\/wp-json\/wp\/v2\/comments?post=343"}],"version-history":[{"count":17,"href":"https:\/\/krzykd.com\/index.php\/wp-json\/wp\/v2\/pages\/343\/revisions"}],"predecessor-version":[{"id":438,"href":"https:\/\/krzykd.com\/index.php\/wp-json\/wp\/v2\/pages\/343\/revisions\/438"}],"wp:featuredmedia":[{"embeddable":true,"href":"https:\/\/krzykd.com\/index.php\/wp-json\/wp\/v2\/media\/299"}],"wp:attachment":[{"href":"https:\/\/krzykd.com\/index.php\/wp-json\/wp\/v2\/media?parent=343"}],"curies":[{"name":"wp","href":"https:\/\/api.w.org\/{rel}","templated":true}]}}